{"id":274,"date":"2021-02-08T09:47:01","date_gmt":"2021-02-08T08:47:01","guid":{"rendered":"https:\/\/primedepo.com\/primedepo\/"},"modified":"2021-12-09T12:00:35","modified_gmt":"2021-12-09T11:00:35","slug":"primedepo","status":"publish","type":"page","link":"https:\/\/primedepo.com\/en\/","title":{"rendered":"Primedepo"},"content":{"rendered":"","protected":false},"excerpt":{"rendered":"","protected":false},"author":1,"featured_media":0,"parent":0,"menu_order":0,"comment_status":"closed","ping_status":"closed","template":"narrow-container.php","meta":[],"acf":[],"yoast_head":"<!-- This site is optimized with the Yoast SEO plugin v17.7.1 - https:\/\/yoast.com\/wordpress\/plugins\/seo\/ -->\n<title>Primedepo<\/title>\n<meta name=\"description\" content=\"Wynajem magazyn\u00f3w w Warszawie. Boksy, lokale i hale magazynowe. Wy\u017csza kultura obs\u0142ugi w nieruchomo\u015bciach, zak\u0142ad?\" \/>\n<meta name=\"robots\" content=\"index, follow, max-snippet:-1, max-image-preview:large, max-video-preview:-1\" \/>\n<link rel=\"canonical\" href=\"https:\/\/primedepo.com\/en\/\" \/>\n<meta property=\"og:locale\" content=\"en_US\" \/>\n<meta property=\"og:type\" content=\"article\" \/>\n<meta property=\"og:title\" content=\"Primedepo\" \/>\n<meta property=\"og:description\" content=\"Wynajem magazyn\u00f3w w Warszawie. Boksy, lokale i hale magazynowe. Wy\u017csza kultura obs\u0142ugi w nieruchomo\u015bciach, zak\u0142ad?\" \/>\n<meta property=\"og:url\" content=\"https:\/\/primedepo.com\/en\/\" \/>\n<meta property=\"og:site_name\" content=\"Primedepo\" \/>\n<meta property=\"article:modified_time\" content=\"2021-12-09T11:00:35+00:00\" \/>\n<meta name=\"twitter:card\" content=\"summary_large_image\" \/>\n<script type=\"application\/ld+json\" class=\"yoast-schema-graph\">{\"@context\":\"https:\/\/schema.org\",\"@graph\":[{\"@type\":\"WebSite\",\"@id\":\"https:\/\/primedepo.com\/#website\",\"url\":\"https:\/\/primedepo.com\/\",\"name\":\"Primedepo\",\"description\":\"\",\"potentialAction\":[{\"@type\":\"SearchAction\",\"target\":{\"@type\":\"EntryPoint\",\"urlTemplate\":\"https:\/\/primedepo.com\/?s={search_term_string}\"},\"query-input\":\"required name=search_term_string\"}],\"inLanguage\":\"en-US\"},{\"@type\":\"WebPage\",\"@id\":\"https:\/\/primedepo.com\/en\/#webpage\",\"url\":\"https:\/\/primedepo.com\/en\/\",\"name\":\"Primedepo\",\"isPartOf\":{\"@id\":\"https:\/\/primedepo.com\/#website\"},\"datePublished\":\"2021-02-08T08:47:01+00:00\",\"dateModified\":\"2021-12-09T11:00:35+00:00\",\"description\":\"Wynajem magazyn\\u00f3w w Warszawie. Boksy, lokale i hale magazynowe. Wy\\u017csza kultura obs\\u0142ugi w nieruchomo\\u015bciach, zak\\u0142ad?\",\"breadcrumb\":{\"@id\":\"https:\/\/primedepo.com\/en\/#breadcrumb\"},\"inLanguage\":\"en-US\",\"potentialAction\":[{\"@type\":\"ReadAction\",\"target\":[\"https:\/\/primedepo.com\/en\/\"]}]},{\"@type\":\"BreadcrumbList\",\"@id\":\"https:\/\/primedepo.com\/en\/#breadcrumb\",\"itemListElement\":[{\"@type\":\"ListItem\",\"position\":1,\"name\":\"Strona g\\u0142\\u00f3wna\",\"item\":\"https:\/\/primedepo.com\/en\/\"},{\"@type\":\"ListItem\",\"position\":2,\"name\":\"Primedepo\"}]}]}<\/script>\n<!-- \/ Yoast SEO plugin. -->","yoast_head_json":{"title":"Primedepo","description":"Wynajem magazyn\u00f3w w Warszawie. Boksy, lokale i hale magazynowe. Wy\u017csza kultura obs\u0142ugi w nieruchomo\u015bciach, zak\u0142ad?","robots":{"index":"index","follow":"follow","max-snippet":"max-snippet:-1","max-image-preview":"max-image-preview:large","max-video-preview":"max-video-preview:-1"},"canonical":"https:\/\/primedepo.com\/en\/","og_locale":"en_US","og_type":"article","og_title":"Primedepo","og_description":"Wynajem magazyn\u00f3w w Warszawie. Boksy, lokale i hale magazynowe. Wy\u017csza kultura obs\u0142ugi w nieruchomo\u015bciach, zak\u0142ad?","og_url":"https:\/\/primedepo.com\/en\/","og_site_name":"Primedepo","article_modified_time":"2021-12-09T11:00:35+00:00","twitter_card":"summary_large_image","schema":{"@context":"https:\/\/schema.org","@graph":[{"@type":"WebSite","@id":"https:\/\/primedepo.com\/#website","url":"https:\/\/primedepo.com\/","name":"Primedepo","description":"","potentialAction":[{"@type":"SearchAction","target":{"@type":"EntryPoint","urlTemplate":"https:\/\/primedepo.com\/?s={search_term_string}"},"query-input":"required name=search_term_string"}],"inLanguage":"en-US"},{"@type":"WebPage","@id":"https:\/\/primedepo.com\/en\/#webpage","url":"https:\/\/primedepo.com\/en\/","name":"Primedepo","isPartOf":{"@id":"https:\/\/primedepo.com\/#website"},"datePublished":"2021-02-08T08:47:01+00:00","dateModified":"2021-12-09T11:00:35+00:00","description":"Wynajem magazyn\u00f3w w Warszawie. Boksy, lokale i hale magazynowe. Wy\u017csza kultura obs\u0142ugi w nieruchomo\u015bciach, zak\u0142ad?","breadcrumb":{"@id":"https:\/\/primedepo.com\/en\/#breadcrumb"},"inLanguage":"en-US","potentialAction":[{"@type":"ReadAction","target":["https:\/\/primedepo.com\/en\/"]}]},{"@type":"BreadcrumbList","@id":"https:\/\/primedepo.com\/en\/#breadcrumb","itemListElement":[{"@type":"ListItem","position":1,"name":"Strona g\u0142\u00f3wna","item":"https:\/\/primedepo.com\/en\/"},{"@type":"ListItem","position":2,"name":"Primedepo"}]}]}},"_links":{"self":[{"href":"https:\/\/primedepo.com\/en\/wp-json\/wp\/v2\/pages\/274"}],"collection":[{"href":"https:\/\/primedepo.com\/en\/wp-json\/wp\/v2\/pages"}],"about":[{"href":"https:\/\/primedepo.com\/en\/wp-json\/wp\/v2\/types\/page"}],"author":[{"embeddable":true,"href":"https:\/\/primedepo.com\/en\/wp-json\/wp\/v2\/users\/1"}],"replies":[{"embeddable":true,"href":"https:\/\/primedepo.com\/en\/wp-json\/wp\/v2\/comments?post=274"}],"version-history":[{"count":7,"href":"https:\/\/primedepo.com\/en\/wp-json\/wp\/v2\/pages\/274\/revisions"}],"predecessor-version":[{"id":296,"href":"https:\/\/primedepo.com\/en\/wp-json\/wp\/v2\/pages\/274\/revisions\/296"}],"wp:attachment":[{"href":"https:\/\/primedepo.com\/en\/wp-json\/wp\/v2\/media?parent=274"}],"curies":[{"name":"wp","href":"https:\/\/api.w.org\/{rel}","templated":true}]}}