{"id":284,"date":"2021-12-02T15:30:32","date_gmt":"2021-12-02T14:30:32","guid":{"rendered":"https:\/\/primedepo.com\/?page_id=284"},"modified":"2021-12-09T12:29:34","modified_gmt":"2021-12-09T11:29:34","slug":"policy-privacy","status":"publish","type":"page","link":"https:\/\/primedepo.com\/en\/policy-privacy\/","title":{"rendered":"Policy privacy"},"content":{"rendered":"\n<h2>Introduction<\/h2>\n\n                <p>This Privacy Policy describes how your personal information is collected, used, and shared when you visit or make a purchase from <a href=\"https:\/\/primedepo.com\">https:\/\/primedepo.com<\/a> (the \u201cSite\u201d).<\/p>\n                <p>This policy is for informative purposes only and meets the informational obligations imposed on the data controller by the GDPR, i.e. Regulation 2016\/679 of 27th April 2016 on the protection of individuals (natural persons) in connection with the processing of personal data and on the free movement of such data and the repeal of Directive 95\/46\/EC.<\/p>\n\n                <h2>Personal information administrator<\/h2>\n\n\n                <p>The administrator of your personal details is Primedepo Sp\u00f3\u0142ka z ograniczon\u0105 odpowiedzialno\u015bci\u0105 with its registered office in Lublin, Aleja Kompozytor\u00f3w Polskich 5\/U5, 20-848 Lublin, registered in the register of entrepreneurs of the National Court Register kept by the District Court Lublin-Wsch\u00f3d in Lublin with its headquarter in \u015awidnik, VI Economic Department of the National Court Register under number 0000739445, NIP number 9462681973, REGON number 380687896, with the share capital of 5. 000.00 PLN.<\/p>\n\n\n\n                <h2>Contact in matters related to processing your data<\/h2>\n\n                <p>In matters related to the processing of your personal data, you can contact the administrator by writing to the address of the registered office given above or write an e-mail to <a href=\"mailto:office@primedepo.com\">office@primedepo.com<\/a>.<\/p>\n\n\n                <h2>How do we use your personal information<\/h2>\n\n                <p>The scope of personal data being processed is determined by the scope supplemented by the Clients and Users, and then sent to Primedepo using the appropriate data form. The processing of the Clients\u2019 and Users\u2019 personal data may refer to the email address, first and last name, company name as well as the computer\u2019s IP address.<\/p>\n                <p>The personal data of Clients and Users will be processed for the following purposes:<\/p>\n                <ol>\n                    <li>implementing the law,<\/li>\n                    <li>performing Contracts,<\/li>\n                    <li>Primedepo promotional or marketing activities.<\/li>\n                <\/ol>\n                <p>Personal data of Clients and Users will be processed for the duration of the contract for the provision of services by Primedepo, and after its completion for the time necessary to demonstrate the correct fulfillment of this contract (this time corresponds to the length of the period of the limitation of claims) and after that time will be deleted, provided that their processing is not required based on another legal basis.<\/p>\n                <p>Providing personal data is voluntary but the lack of consent to the processing of personal data marked as mandatory will prevent the performance of services and the fulfillment of Agreements by Primedepo.<\/p>\n                <p>The personal data of Clients and Users can be entrusted for processing (which is the case of personal data recipients): Primedepo accounting firm, hosting provider for the Website, technical servicing company, a payment service company, a company providing the CRM system. The personal data collected by Primedepo can also be made available to: the relevant state authorities at their request on the basis of the specific legal provisions or other persons and entities \u2013 in the cases provided for by the mandatory legislation.<\/p>\n                <p>Each entity to whom Primedepo entrusts the processing of personal data of its Clients, based on the Entrustment Agreement: the processing of personal data (hereinafter the Entrustment Agreement), guarantees an appropriate level of security and confidentiality of the processing of that personal data. As of May 25th 2018, as part of the Entrustment Agreement, Primedepo will entrust the processing of the Clients\u2019 personal data to the entities using the applicable corporate rules. The entity that processes Clients\u2019 personal data based on the Entrustment Agreement will process \u2013 from the entry into force of the GDPR Customer\u2019s personal data \u2013 through another entity solely on the basis of the prior written consent of Primedepo.<\/p>\n                <p>The disclosure of personal data to unauthorised entities in accordance with this Policy may only take place with the prior consent of the Client and the Users to whom the data pertains.<\/p>\n                <p>Each Client and User has the right to:<\/p>\n                <ol>\n                    <li>delete personal data collected about them either from the system belonging to Primedepo or from the database of the entities with whom Primedepo is currently cooperating or cooperated,<\/li>\n                    <li>set restrictions on the data processing,<\/li>\n                    <li>transfer the personal data collected by Primedepo about the User, including the right to receive them in a structured form,<\/li>\n                    <li>demand from Primedepo access to their personal data and its rectification,<\/li>\n                    <li>raise objections to its processing,<\/li>\n                    <li>revoke the consent granted to Primedepo at any time without affecting its compliance with the law of processing, which was made on the basis of consent before its withdrawal;<\/li>\n                    <li>lodge a complaint against Primedepo to the supervisory authority.<\/li>\n                <\/ol>\n                <p>Primedepo does not transfer personal data to third parties or countries.<\/p>\n\n                <h2>Profiling<\/h2>\n\n\n                <p>Personal data of Clients and Users will be processed in an automated way in the form of profiling, including via the click map, scroll map and eye tracking, which will consist in creating dynamic contact forms on the website, dynamic and automated messages and advertising content, post-sales communication, segmentation of contacts and e-mail messages, reminders about an abandoned shopping cart, automatic selection of communication channels, contact management, and its effect will generate personalised marketing activities and the formation of sales analyses and forecasts.<\/p>\n                <p>The Client will be able to refuse permission to conduct profiling, which automatically leads to decision-making relating to them and expresses their disregard\/objection of profiling the others, which will result in the lack of profiled messages addressed to the client.<\/p>\n                <p>You can send your objection to being profiled to the following email address: <a href=\"mailto:office@primedepo.com>office@primedepo.com<\/a>.<\/p>\n\n                <h2>Other data<\/h2>\n\n\n                <p>This website may store https requests as a result of which some information may be stored in the server log files, including the IP address of the computer from which the query came, the name of the Partner\u2019s station or that of another User, if possible, the date and system time of registration in the Service and incoming queries, the number of bytes sent by the server, the URL address of the site previously visited by the Partner or another User (if the Partner or User entered via the link), the information about the Partner\u2019s or User\u2019s browser and the language used in the browser, the country from which the Partner or User obtained access to the Services, the information on the errors that occurred during the execution of the https transaction, the information on the number and time of incorrect logins to the profile. Logs are collected as material for the correct administration of the Website. Access to information is only available to the persons authorised to administer the Website on the basis of the granted authorisations, containing confidentiality statements regarding the data being processed and the security used. Files with logs can be analysed in order to compile traffic statistics on the Website and errors. The summary of such information does not allow identification of the Partner or the User.<\/p>\n\n\n                <h2>Security of information<\/h2>\n\n                <p>Primedepo uses technical and organisational measures to ensure that the processing of personal data is protected against the hazards and the categories of data protection. It particularly secures the data technically and organisationally against unauthorised access, its removal by an unauthorised person, its processing in violation of the law and its change, loss, damage or destruction, for the purpose of which Primedepo uses the SSL (Secure Socket Layer) among others. The set of the personal data collected from Clients is stored on a secure server and the data is further protected by the internal Primedepo procedures regarding the processing of personal data and information security policy. Primedepo shall use all necessary technical means specified in art. 25.30, 32-34, 35-39 of the GDPR legislation providing increased protection and security of processing personal data of clients.<\/p>\n\n\n                <h2 class=\"h1\" style=\"text-align: center;\">Cookies Policy<\/h2>\n\n                <ol>\n                    <li>In order for the website to function correctly, Primedepo uses the Cookies technology. Cookies are information packages stored on the Client\u2019s device or that of another User, via the web-service, usually containing information in accordance with the intended use of the file by means of which the Client or the User uses the Website \u2013 these are usually: website address, upload date, expiry date, its unique number and additional information consistent with the purpose of the file.<\/li>\n                    <li>This website uses two types of Cookies: (a) session cookies that are permanently deleted when the session is ended by the Client\u2019s or User\u2019s browser; (b) persistent, which remain after the browser session on the Client\u2019s or User\u2019s device has ended until they are deleted.<\/li>\n                    <li>Files generated directly by Primedepo cannot be read by other websites. External Cookies (i.e. Cookies placed by subjects cooperating with Primedepo) can be read by an external server.\n                    <\/li>\n                    <li>The Client and the User may independently change the Cookies settings at any time by specifying the terms of their storage through the settings of the web browser or through the configuration of the service. Client and User can also delete the cookies stored on their device at any time in accordance with the browser\u2019s instruction manual.<\/li>\n                    <li>The Client or the User may disable the saving of Cookies on their device in accordance with the browser\u2019s instruction manual, but this may result in part or all of the Website\u2019s functions becoming unavailable.<\/li>\n                    <li>Primedepo uses its own Cookies for the following purposes: for the validating the identity of the Client or another User in the Web-service and for the maintenance of sessions of the Client or the User; for the configuration of the Website and adaptation of the content of the pages to the preferences or behaviour of the Client or the User; for the analysis and audience research such as the number of clicks and the website navigation pathways in order to improve the appearance and the organisation of content on the site, time spent on the website, the number and frequency of visitors to the Website, carrying out statistics on resellers.<\/li>\n                    <li>The Service Provider uses External Cookies to present multimedia content on the Website, which are downloaded from the external website Google Analytics.<\/li>\n                    <li>Detailed information on the use of Cookies is available in the settings of the web browser used by the Customer or User.<\/li>\n                <\/ol>\n","protected":false},"excerpt":{"rendered":"<p>Introduction This Privacy Policy describes how your personal information is collected, used, and shared when you visit or make a purchase from https:\/\/primedepo.com (the \u201cSite\u201d). This policy is for informative purposes only and meets the informational obligations imposed on the data controller by the GDPR, i.e. Regulation 2016\/679 of 27th April 2016 on the protection [&hellip;]<\/p>\n","protected":false},"author":1,"featured_media":0,"parent":0,"menu_order":0,"comment_status":"closed","ping_status":"closed","template":"privacy-policy.php","meta":[],"acf":[],"yoast_head":"<!-- This site is optimized with the Yoast SEO plugin v17.7.1 - https:\/\/yoast.com\/wordpress\/plugins\/seo\/ -->\n<title>Policy privacy - Primedepo<\/title>\n<meta name=\"robots\" content=\"index, follow, max-snippet:-1, max-image-preview:large, max-video-preview:-1\" \/>\n<link rel=\"canonical\" href=\"https:\/\/primedepo.com\/en\/policy-privacy\/\" \/>\n<meta property=\"og:locale\" content=\"en_US\" \/>\n<meta property=\"og:type\" content=\"article\" \/>\n<meta property=\"og:title\" content=\"Policy privacy - Primedepo\" \/>\n<meta property=\"og:description\" content=\"Introduction This Privacy Policy describes how your personal information is collected, used, and shared when you visit or make a purchase from https:\/\/primedepo.com (the \u201cSite\u201d). This policy is for informative purposes only and meets the informational obligations imposed on the data controller by the GDPR, i.e. Regulation 2016\/679 of 27th April 2016 on the protection [&hellip;]\" \/>\n<meta property=\"og:url\" content=\"https:\/\/primedepo.com\/en\/policy-privacy\/\" \/>\n<meta property=\"og:site_name\" content=\"Primedepo\" \/>\n<meta property=\"article:modified_time\" content=\"2021-12-09T11:29:34+00:00\" \/>\n<meta name=\"twitter:card\" content=\"summary_large_image\" \/>\n<meta name=\"twitter:label1\" content=\"Est. reading time\" \/>\n\t<meta name=\"twitter:data1\" content=\"8 minutes\" \/>\n<script type=\"application\/ld+json\" class=\"yoast-schema-graph\">{\"@context\":\"https:\/\/schema.org\",\"@graph\":[{\"@type\":\"WebSite\",\"@id\":\"https:\/\/primedepo.com\/#website\",\"url\":\"https:\/\/primedepo.com\/\",\"name\":\"Primedepo\",\"description\":\"\",\"potentialAction\":[{\"@type\":\"SearchAction\",\"target\":{\"@type\":\"EntryPoint\",\"urlTemplate\":\"https:\/\/primedepo.com\/?s={search_term_string}\"},\"query-input\":\"required name=search_term_string\"}],\"inLanguage\":\"en-US\"},{\"@type\":\"WebPage\",\"@id\":\"https:\/\/primedepo.com\/en\/policy-privacy\/#webpage\",\"url\":\"https:\/\/primedepo.com\/en\/policy-privacy\/\",\"name\":\"Policy privacy - Primedepo\",\"isPartOf\":{\"@id\":\"https:\/\/primedepo.com\/#website\"},\"datePublished\":\"2021-12-02T14:30:32+00:00\",\"dateModified\":\"2021-12-09T11:29:34+00:00\",\"breadcrumb\":{\"@id\":\"https:\/\/primedepo.com\/en\/policy-privacy\/#breadcrumb\"},\"inLanguage\":\"en-US\",\"potentialAction\":[{\"@type\":\"ReadAction\",\"target\":[\"https:\/\/primedepo.com\/en\/policy-privacy\/\"]}]},{\"@type\":\"BreadcrumbList\",\"@id\":\"https:\/\/primedepo.com\/en\/policy-privacy\/#breadcrumb\",\"itemListElement\":[{\"@type\":\"ListItem\",\"position\":1,\"name\":\"Strona g\\u0142\\u00f3wna\",\"item\":\"https:\/\/primedepo.com\/en\/\"},{\"@type\":\"ListItem\",\"position\":2,\"name\":\"Policy privacy\"}]}]}<\/script>\n<!-- \/ Yoast SEO plugin. -->","yoast_head_json":{"title":"Policy privacy - Primedepo","robots":{"index":"index","follow":"follow","max-snippet":"max-snippet:-1","max-image-preview":"max-image-preview:large","max-video-preview":"max-video-preview:-1"},"canonical":"https:\/\/primedepo.com\/en\/policy-privacy\/","og_locale":"en_US","og_type":"article","og_title":"Policy privacy - Primedepo","og_description":"Introduction This Privacy Policy describes how your personal information is collected, used, and shared when you visit or make a purchase from https:\/\/primedepo.com (the \u201cSite\u201d). This policy is for informative purposes only and meets the informational obligations imposed on the data controller by the GDPR, i.e. Regulation 2016\/679 of 27th April 2016 on the protection [&hellip;]","og_url":"https:\/\/primedepo.com\/en\/policy-privacy\/","og_site_name":"Primedepo","article_modified_time":"2021-12-09T11:29:34+00:00","twitter_card":"summary_large_image","twitter_misc":{"Est. reading time":"8 minutes"},"schema":{"@context":"https:\/\/schema.org","@graph":[{"@type":"WebSite","@id":"https:\/\/primedepo.com\/#website","url":"https:\/\/primedepo.com\/","name":"Primedepo","description":"","potentialAction":[{"@type":"SearchAction","target":{"@type":"EntryPoint","urlTemplate":"https:\/\/primedepo.com\/?s={search_term_string}"},"query-input":"required name=search_term_string"}],"inLanguage":"en-US"},{"@type":"WebPage","@id":"https:\/\/primedepo.com\/en\/policy-privacy\/#webpage","url":"https:\/\/primedepo.com\/en\/policy-privacy\/","name":"Policy privacy - Primedepo","isPartOf":{"@id":"https:\/\/primedepo.com\/#website"},"datePublished":"2021-12-02T14:30:32+00:00","dateModified":"2021-12-09T11:29:34+00:00","breadcrumb":{"@id":"https:\/\/primedepo.com\/en\/policy-privacy\/#breadcrumb"},"inLanguage":"en-US","potentialAction":[{"@type":"ReadAction","target":["https:\/\/primedepo.com\/en\/policy-privacy\/"]}]},{"@type":"BreadcrumbList","@id":"https:\/\/primedepo.com\/en\/policy-privacy\/#breadcrumb","itemListElement":[{"@type":"ListItem","position":1,"name":"Strona g\u0142\u00f3wna","item":"https:\/\/primedepo.com\/en\/"},{"@type":"ListItem","position":2,"name":"Policy privacy"}]}]}},"_links":{"self":[{"href":"https:\/\/primedepo.com\/en\/wp-json\/wp\/v2\/pages\/284"}],"collection":[{"href":"https:\/\/primedepo.com\/en\/wp-json\/wp\/v2\/pages"}],"about":[{"href":"https:\/\/primedepo.com\/en\/wp-json\/wp\/v2\/types\/page"}],"author":[{"embeddable":true,"href":"https:\/\/primedepo.com\/en\/wp-json\/wp\/v2\/users\/1"}],"replies":[{"embeddable":true,"href":"https:\/\/primedepo.com\/en\/wp-json\/wp\/v2\/comments?post=284"}],"version-history":[{"count":5,"href":"https:\/\/primedepo.com\/en\/wp-json\/wp\/v2\/pages\/284\/revisions"}],"predecessor-version":[{"id":299,"href":"https:\/\/primedepo.com\/en\/wp-json\/wp\/v2\/pages\/284\/revisions\/299"}],"wp:attachment":[{"href":"https:\/\/primedepo.com\/en\/wp-json\/wp\/v2\/media?parent=284"}],"curies":[{"name":"wp","href":"https:\/\/api.w.org\/{rel}","templated":true}]}}